{"id":41,"date":"2018-06-09T13:59:25","date_gmt":"2018-06-09T13:59:25","guid":{"rendered":"http:\/\/www.flik.se\/rf\/?page_id=41"},"modified":"2019-06-27T17:34:16","modified_gmt":"2019-06-27T17:34:16","slug":"att-bli-medlem","status":"publish","type":"page","link":"https:\/\/flik.se\/rf\/att-bli-medlem\/","title":{"rendered":"att bli medlem"},"content":{"rendered":"<p>F\u00f6r att klassa in som medlem m\u00e5ste man ha tillst\u00e5nd f\u00f6r fiskodling. Man ska producera och f\u00f6rs\u00e4lja produkter fr\u00e5n recirkulerande vattenbrukssystem. Andra f\u00f6ruts\u00e4ttningar f\u00f6r medlemskap \u00e4r att vara \u00f6ppen och dela med sig av kunskap om odlingsteknik och att i \u00f6vrigt f\u00f6lja de m\u00e5l som f\u00f6reningen \u00e5tagit sig som producentorganisation enligt EUs och Jordbruksverkets regelverk.<\/p>\n<p>Styrelsen beslutar om nya medelmskap<\/p>\n<p>mail: info@recirkfisk.se<\/p>\n","protected":false},"excerpt":{"rendered":"<p>F\u00f6r att klassa in som medlem m\u00e5ste man ha tillst\u00e5nd f\u00f6r fiskodling. Man ska producera och f\u00f6rs\u00e4lja produkter fr\u00e5n recirkulerande vattenbrukssystem. Andra f\u00f6ruts\u00e4ttningar f\u00f6r medlemskap \u00e4r att vara \u00f6ppen och dela med sig av kunskap om odlingsteknik och att i \u00f6vrigt f\u00f6lja de m\u00e5l som f\u00f6reningen \u00e5tagit sig som producentorganisation enligt EUs och Jordbruksverkets regelverk. [&hellip;]<\/p>\n","protected":false},"author":1,"featured_media":0,"parent":0,"menu_order":0,"comment_status":"closed","ping_status":"closed","template":"","meta":{"footnotes":""},"_links":{"self":[{"href":"https:\/\/flik.se\/rf\/wp-json\/wp\/v2\/pages\/41"}],"collection":[{"href":"https:\/\/flik.se\/rf\/wp-json\/wp\/v2\/pages"}],"about":[{"href":"https:\/\/flik.se\/rf\/wp-json\/wp\/v2\/types\/page"}],"author":[{"embeddable":true,"href":"https:\/\/flik.se\/rf\/wp-json\/wp\/v2\/users\/1"}],"replies":[{"embeddable":true,"href":"https:\/\/flik.se\/rf\/wp-json\/wp\/v2\/comments?post=41"}],"version-history":[{"count":2,"href":"https:\/\/flik.se\/rf\/wp-json\/wp\/v2\/pages\/41\/revisions"}],"predecessor-version":[{"id":67,"href":"https:\/\/flik.se\/rf\/wp-json\/wp\/v2\/pages\/41\/revisions\/67"}],"wp:attachment":[{"href":"https:\/\/flik.se\/rf\/wp-json\/wp\/v2\/media?parent=41"}],"curies":[{"name":"wp","href":"https:\/\/api.w.org\/{rel}","templated":true}]}}