{"id":32,"date":"2018-02-09T13:20:20","date_gmt":"2018-02-09T13:20:20","guid":{"rendered":"http:\/\/www.flik.se\/rf\/?page_id=32"},"modified":"2023-11-05T17:14:34","modified_gmt":"2023-11-05T17:14:34","slug":"medlemmar","status":"publish","type":"page","link":"https:\/\/flik.se\/rf\/medlemmar\/","title":{"rendered":"Medlemmar"},"content":{"rendered":"<p><a href=\"http:\/\/svenskfiskodling.se\/?page_id=65\">Ljuster\u00f6 Lax o G\u00f6s AB<\/a><\/p>\n<p><a href=\"http:\/\/kfisk.se\">Kedje\u00e5sens Fisk AB<\/a><\/p>\n<p><a href=\"http:\/\/www.silvereel.se\/\">Scandinavian SilverEel AB<\/a><\/p>\n<p><a href=\"http:\/\/agtira.com\">Agtira AB (fd <em>Peckas Naturodlingar<\/em>)<\/a><\/p>\n<p><a href=\"https:\/\/www.arcticroe.com\/\">Arctic Roe of Scandinavia AB<\/a><\/p>\n<p><a href=\"http:\/\/johannas.org\">Johannas Stadsodlingar AB<\/a><\/p>\n\n\n<p><a href=\"http:\/\/www.hamrafisk.se\">Hamra Fisk AB<\/a><\/p>\n","protected":false},"excerpt":{"rendered":"<p>Ljuster\u00f6 Lax o G\u00f6s AB Kedje\u00e5sens Fisk AB Scandinavian SilverEel AB Agtira AB (fd Peckas Naturodlingar) Arctic Roe of Scandinavia AB Johannas Stadsodlingar AB Hamra Fisk AB<\/p>\n","protected":false},"author":1,"featured_media":0,"parent":0,"menu_order":0,"comment_status":"closed","ping_status":"closed","template":"","meta":{"footnotes":""},"_links":{"self":[{"href":"https:\/\/flik.se\/rf\/wp-json\/wp\/v2\/pages\/32"}],"collection":[{"href":"https:\/\/flik.se\/rf\/wp-json\/wp\/v2\/pages"}],"about":[{"href":"https:\/\/flik.se\/rf\/wp-json\/wp\/v2\/types\/page"}],"author":[{"embeddable":true,"href":"https:\/\/flik.se\/rf\/wp-json\/wp\/v2\/users\/1"}],"replies":[{"embeddable":true,"href":"https:\/\/flik.se\/rf\/wp-json\/wp\/v2\/comments?post=32"}],"version-history":[{"count":11,"href":"https:\/\/flik.se\/rf\/wp-json\/wp\/v2\/pages\/32\/revisions"}],"predecessor-version":[{"id":504,"href":"https:\/\/flik.se\/rf\/wp-json\/wp\/v2\/pages\/32\/revisions\/504"}],"wp:attachment":[{"href":"https:\/\/flik.se\/rf\/wp-json\/wp\/v2\/media?parent=32"}],"curies":[{"name":"wp","href":"https:\/\/api.w.org\/{rel}","templated":true}]}}